{"id":577,"date":"2025-09-01T23:54:07","date_gmt":"2025-09-01T20:54:07","guid":{"rendered":"https:\/\/longabilisim.com\/ekoteks\/?post_type=product&#038;p=577"},"modified":"2025-09-08T18:23:37","modified_gmt":"2025-09-08T15:23:37","slug":"uluslarasi-ekoteks-tekstil-sempozyum-bileti","status":"publish","type":"product","link":"https:\/\/www.ekoteks.com\/sempozyum\/urun\/uluslarasi-ekoteks-tekstil-sempozyum-bileti\/","title":{"rendered":"Uluslaras\u0131 Ekoteks Tekstil Sempozyum Bileti"},"content":{"rendered":"<style type=\"text\/css\"><\/style><p><em>23 Eyl\u00fcl tarihinde <strong>\u201cT\u00fcrkiye \u0130hracat\u00e7\u0131lar Meclisi, D\u0131\u015f Ticaret Kompleksi Konferans Salonu\u201d<\/strong>\u00a0nda ger\u00e7ekle\u015fecektir.<\/em><\/p>\n<p>&nbsp;<\/p>\n","protected":false},"excerpt":{"rendered":"<p><em>23 Eyl\u00fcl tarihinde <strong>\u201cT\u00fcrkiye \u0130hracat\u00e7\u0131lar Meclisi, D\u0131\u015f Ticaret Kompleksi Konferans Salonu\u201d<\/strong>\u00a0nda ger\u00e7ekle\u015fecektir.<\/em><\/p>\n","protected":false},"featured_media":1209,"template":"","meta":[],"product_brand":[],"product_cat":[73],"product_tag":[],"class_list":{"0":"post-577","1":"product","2":"type-product","3":"status-publish","4":"has-post-thumbnail","6":"product_cat-sempozyum","8":"first","9":"instock","10":"virtual","11":"taxable","12":"purchasable","13":"product-type-simple"},"_links":{"self":[{"href":"https:\/\/www.ekoteks.com\/sempozyum\/wp-json\/wp\/v2\/product\/577","targetHints":{"allow":["GET"]}}],"collection":[{"href":"https:\/\/www.ekoteks.com\/sempozyum\/wp-json\/wp\/v2\/product"}],"about":[{"href":"https:\/\/www.ekoteks.com\/sempozyum\/wp-json\/wp\/v2\/types\/product"}],"wp:featuredmedia":[{"embeddable":true,"href":"https:\/\/www.ekoteks.com\/sempozyum\/wp-json\/wp\/v2\/media\/1209"}],"wp:attachment":[{"href":"https:\/\/www.ekoteks.com\/sempozyum\/wp-json\/wp\/v2\/media?parent=577"}],"wp:term":[{"taxonomy":"product_brand","embeddable":true,"href":"https:\/\/www.ekoteks.com\/sempozyum\/wp-json\/wp\/v2\/product_brand?post=577"},{"taxonomy":"product_cat","embeddable":true,"href":"https:\/\/www.ekoteks.com\/sempozyum\/wp-json\/wp\/v2\/product_cat?post=577"},{"taxonomy":"product_tag","embeddable":true,"href":"https:\/\/www.ekoteks.com\/sempozyum\/wp-json\/wp\/v2\/product_tag?post=577"}],"curies":[{"name":"wp","href":"https:\/\/api.w.org\/{rel}","templated":true}]}}