{"id":595,"date":"2024-09-02T01:06:02","date_gmt":"2024-09-01T22:06:02","guid":{"rendered":"https:\/\/longabilisim.com\/ekoteks\/?page_id=595"},"modified":"2024-09-23T15:39:10","modified_gmt":"2024-09-23T12:39:10","slug":"iptal-iade-ve-degisim","status":"publish","type":"page","link":"https:\/\/www.ekoteks.com\/sempozyum\/iptal-iade-ve-degisim\/","title":{"rendered":"\u0130ptal, iade ve De\u011fi\u015fim"},"content":{"rendered":"<style type=\"text\/css\"><\/style><h1>\u0130ptal, iade ve De\u011fi\u015fim<\/h1>\n<p>Ekoteks.com, yaln\u0131zca etkinliklerin biletlenmesinden sorumlu olup organizasyon sahibi veya d\u00fczenleyicisi de\u011fildir. Bu nedenle, organizasyon sahibinin belirledi\u011fi kurallar haricinde ve\/veya organizasyonda herhangi bir iptal veya de\u011fi\u015fiklik olmad\u0131\u011f\u0131 s\u00fcrece, sat\u0131n al\u0131nan biletlerde de\u011fi\u015fiklik veya iade yap\u0131lamaz.<\/p>\n<p>Rakip ve benzer konularda faaliyet g\u00f6steren firmalar ve \u00e7al\u0131\u015fanlar sempozyuma kat\u0131lamazlar. Bilet almalar\u0131 halinde tespit edilirse bileti iptal edilir. Ekoteks etkinli\u011fe kabul \u015fartlar\u0131n\u0131 ve \u00fccret iadesi hakk\u0131n\u0131 sakl\u0131 tutar.<\/p>\n<p>Mesafeli S\u00f6zle\u015fmeler Y\u00f6netmeli\u011fi 15-g maddesine g\u00f6re, belirli bir tarihte veya d\u00f6nemde yap\u0131lmas\u0131 gereken e\u011flence veya dinlenme amac\u0131yla yap\u0131lan bo\u015f zaman\u0131n de\u011ferlendirilmesine ili\u015fkin s\u00f6zle\u015fmelerde T\u00fcketici cayma hakk\u0131n\u0131 kullanamaz..<\/p>\n<p>Sat\u0131n ald\u0131\u011f\u0131n\u0131z etkinli\u011fin organizasyon sahibi veya idari makamlar taraf\u0131ndan iptali d\u0131\u015f\u0131nda, herhangi bir iptal ve\/veya iade durumunda EKOTEKS, bilet sat\u0131n al\u0131rken tahsil edilen hizmet bedelini iade etmeme hakk\u0131n\u0131 sakl\u0131 tutar.<\/p>\n","protected":false},"excerpt":{"rendered":"<p>\u0130ptal, iade ve De\u011fi\u015fim Ekoteks.com, yaln\u0131zca etkinliklerin biletlenmesinden sorumlu olup organizasyon sahibi veya d\u00fczenleyicisi de\u011fildir. Bu nedenle, organizasyon sahibinin belirledi\u011fi kurallar haricinde ve\/veya organizasyonda herhangi bir iptal veya de\u011fi\u015fiklik olmad\u0131\u011f\u0131 s\u00fcrece, sat\u0131n al\u0131nan biletlerde de\u011fi\u015fiklik veya iade yap\u0131lamaz. Rakip ve benzer konularda faaliyet g\u00f6steren firmalar ve \u00e7al\u0131\u015fanlar sempozyuma kat\u0131lamazlar. Bilet almalar\u0131 halinde tespit edilirse bileti&#8230;<\/p>\n","protected":false},"author":1,"featured_media":0,"parent":0,"menu_order":0,"comment_status":"closed","ping_status":"closed","template":"","meta":{"footnotes":""},"class_list":["post-595","page","type-page","status-publish","hentry"],"_links":{"self":[{"href":"https:\/\/www.ekoteks.com\/sempozyum\/wp-json\/wp\/v2\/pages\/595","targetHints":{"allow":["GET"]}}],"collection":[{"href":"https:\/\/www.ekoteks.com\/sempozyum\/wp-json\/wp\/v2\/pages"}],"about":[{"href":"https:\/\/www.ekoteks.com\/sempozyum\/wp-json\/wp\/v2\/types\/page"}],"author":[{"embeddable":true,"href":"https:\/\/www.ekoteks.com\/sempozyum\/wp-json\/wp\/v2\/users\/1"}],"replies":[{"embeddable":true,"href":"https:\/\/www.ekoteks.com\/sempozyum\/wp-json\/wp\/v2\/comments?post=595"}],"version-history":[{"count":4,"href":"https:\/\/www.ekoteks.com\/sempozyum\/wp-json\/wp\/v2\/pages\/595\/revisions"}],"predecessor-version":[{"id":1057,"href":"https:\/\/www.ekoteks.com\/sempozyum\/wp-json\/wp\/v2\/pages\/595\/revisions\/1057"}],"wp:attachment":[{"href":"https:\/\/www.ekoteks.com\/sempozyum\/wp-json\/wp\/v2\/media?parent=595"}],"curies":[{"name":"wp","href":"https:\/\/api.w.org\/{rel}","templated":true}]}}