{"id":591,"date":"2024-09-02T01:03:57","date_gmt":"2024-09-01T22:03:57","guid":{"rendered":"https:\/\/longabilisim.com\/ekoteks\/?page_id=591"},"modified":"2024-09-02T01:03:57","modified_gmt":"2024-09-01T22:03:57","slug":"hakkimizda","status":"publish","type":"page","link":"https:\/\/www.ekoteks.com\/sempozyum\/hakkimizda\/","title":{"rendered":"Hakk\u0131m\u0131zda"},"content":{"rendered":"<style type=\"text\/css\"><\/style><p>\u0130\u00e7erik haz\u0131rlan\u0131yor<\/p>\n","protected":false},"excerpt":{"rendered":"<p>\u0130\u00e7erik haz\u0131rlan\u0131yor<\/p>\n","protected":false},"author":1,"featured_media":0,"parent":0,"menu_order":0,"comment_status":"closed","ping_status":"closed","template":"","meta":{"footnotes":""},"class_list":["post-591","page","type-page","status-publish","hentry"],"_links":{"self":[{"href":"https:\/\/www.ekoteks.com\/sempozyum\/wp-json\/wp\/v2\/pages\/591","targetHints":{"allow":["GET"]}}],"collection":[{"href":"https:\/\/www.ekoteks.com\/sempozyum\/wp-json\/wp\/v2\/pages"}],"about":[{"href":"https:\/\/www.ekoteks.com\/sempozyum\/wp-json\/wp\/v2\/types\/page"}],"author":[{"embeddable":true,"href":"https:\/\/www.ekoteks.com\/sempozyum\/wp-json\/wp\/v2\/users\/1"}],"replies":[{"embeddable":true,"href":"https:\/\/www.ekoteks.com\/sempozyum\/wp-json\/wp\/v2\/comments?post=591"}],"version-history":[{"count":1,"href":"https:\/\/www.ekoteks.com\/sempozyum\/wp-json\/wp\/v2\/pages\/591\/revisions"}],"predecessor-version":[{"id":592,"href":"https:\/\/www.ekoteks.com\/sempozyum\/wp-json\/wp\/v2\/pages\/591\/revisions\/592"}],"wp:attachment":[{"href":"https:\/\/www.ekoteks.com\/sempozyum\/wp-json\/wp\/v2\/media?parent=591"}],"curies":[{"name":"wp","href":"https:\/\/api.w.org\/{rel}","templated":true}]}}