{"id":589,"date":"2024-09-02T01:03:08","date_gmt":"2024-09-01T22:03:08","guid":{"rendered":"https:\/\/longabilisim.com\/ekoteks\/?page_id=589"},"modified":"2024-09-02T01:03:08","modified_gmt":"2024-09-01T22:03:08","slug":"sozlesme-ve-politikalar","status":"publish","type":"page","link":"https:\/\/www.ekoteks.com\/sempozyum\/sozlesme-ve-politikalar\/","title":{"rendered":"S\u00f6zle\u015fme ve Politikalar"},"content":{"rendered":"<style type=\"text\/css\"><\/style><p>563 say\u0131l\u0131 Elektronik Ticaretin D\u00fczenlenmesi Hakk\u0131nda Kanun\u2019un (\u201cKanun\u201d) 3 \u00fcnc\u00fc maddesi gere\u011fince, Biletinial Bilet Bas\u0131m ve Da\u011f\u0131t\u0131m A.\u015e. (Biletinial) ile ilgili tan\u0131t\u0131m bilgilerine, sitemizin \u201cHakk\u0131m\u0131zda\u201d ba\u015fl\u0131kl\u0131 b\u00f6l\u00fcm\u00fcnden ula\u015fabilirsiniz.<\/p>\n<p>Biletinial\u2019\u0131 ziyaret etmek veya bilet sat\u0131n almakla, bu sitenin kullan\u0131lmas\u0131na ili\u015fkin t\u00fcm ko\u015fullar\u0131, gizlilik politikas\u0131n\u0131 ve site ile ilgili t\u00fcm cari kanunlar\u0131, y\u00f6netmelikleri ve mevzuat\u0131 a\u00e7\u0131k\u00e7a kabul etmi\u015f say\u0131l\u0131rs\u0131n\u0131z.<\/p>\n<p><strong>Tan\u0131mlamalar<\/strong><\/p>\n<p>Biletinial : Biletinial Bilet Bas\u0131m ve Da\u011f\u0131t\u0131m A.\u015e., biletinial.com online bilet hizmeti, cep telefonlar\u0131, tabletler ve her t\u00fcrl\u00fc benzeri elektronik ortamda kullan\u0131lan Biletinial mobil bilet hizmetleri ve\/veya bu hizmete ili\u015fkin etkinlik mekanlar\u0131nda yer alan kiosklar\u0131 da kapsayan t\u00fcm i\u00e7eri\u011fi ifade eder.<\/p>\n<p>&#8220;Kullan\u0131c\u0131&#8221; : Biletinial\u2019\u0131 ziyaret eden ve\/veya bilet alan ki\u015fiyi ifade eder.<\/p>\n<p>\u201cHizmet\u201d: Kullan\u0131c\u0131n\u0131n Biletinial \u00fczerinden bilet sat\u0131n alma i\u015flemini ifade eder.<\/p>\n<p>&#8220;Hizmet Bedeli&#8221; : Yap\u0131lan anla\u015fmalar dahilinde baz\u0131 etkinliklerde biletin gi\u015fe sat\u0131\u015f fiyat\u0131 \u00fczerine eklenerek Kullan\u0131c\u0131dan tahsil edilen ve Biletinial\u2019\u0131n yapm\u0131\u015f oldu\u011fu hizmetler i\u00e7in al\u0131nacak olan bedeli ifade eder.<\/p>\n<p>Biletinial\u2019\u0131n sitesini ziyaret etti\u011finizde, ziyaretinize ait genel nitelikte, ki\u015fisel olmayan baz\u0131 bilgiler toplan\u0131p kaydedilebilir. Bu bilgiler i\u00e7inde, ziyaretinizin zaman\u0131 ve s\u00fcresi, sitede izlenen sayfalar ve bizim sitemize gelmeden hemen \u00f6nce ziyaret edilen sitenin bilgisi de bulunabilir. Bu bilgiler sadece, site aktivitesini \u00f6l\u00e7mek, sitemizi geli\u015ftirecek fikirler \u00fcretebilmek ve sizlerin site i\u00e7erisindeki i\u015flemlerinizi h\u0131zland\u0131rmak i\u00e7in kullan\u0131l\u0131r. Sitemiz t\u00fcm ziyaret\u00e7ilerin kullan\u0131m\u0131na a\u00e7\u0131k olmakla birlikte, sadece \u00fcyelerin izlemesine ve kat\u0131l\u0131m\u0131na a\u00e7\u0131k baz\u0131 b\u00f6l\u00fcmler de i\u00e7ermektedir. Sitedeki haber ve b\u00f6l\u00fcmler hakk\u0131nda g\u00f6r\u00fc\u015f bildirme, etkile\u015fimli anket, test ve yar\u0131\u015fmalara kat\u0131l\u0131m bunlar\u0131n ba\u015fl\u0131calar\u0131d\u0131r. Bu b\u00f6l\u00fcmleri kullanabilmek i\u00e7in \u00fcye giri\u015fi yapman\u0131z gerekecektir.<\/p>\n<p><strong>Ki\u015fisel Verilerin Korunmas\u0131<\/strong><\/p>\n<p>Biletinial Ki\u015fisel Verilerin Korunmas\u0131 Hakk\u0131nda Ayd\u0131nlatma Bildirimine Ki\u015fisel Verilerin Korunmas\u0131 linkinden ula\u015fabilirsiniz.<\/p>\n<p><strong>Sa\u011flanan \u0130\u00e7erikler ve Di\u011fer Site Linkleri<\/strong><\/p>\n<p>Biletinial\u2019\u0131n sundu\u011fu i\u00e7eri\u011fin baz\u0131 b\u00f6l\u00fcmleri ve etkinlik i\u00e7eriklerinin tamam\u0131, \u00fc\u00e7\u00fcnc\u00fc ki\u015filer ve organizat\u00f6r firmalar taraf\u0131ndan sa\u011flanmaktad\u0131r. Sitede belirtilen d\u00fc\u015f\u00fcnce, tavsiye, hizmet, \u00f6neri ve di\u011fer i\u00e7eri\u011fin yazar\u0131 veya sa\u011flay\u0131c\u0131s\u0131 \u00fc\u00e7\u00fcnc\u00fc ki\u015filer oldu\u011fu durumlarda, Biletinial bu bilgilerin b\u00fct\u00fcnl\u00fc\u011f\u00fcnden, kullan\u0131\u015fl\u0131l\u0131\u011f\u0131ndan ve do\u011frulu\u011fundan sorumlu de\u011fildir. Bu nedenle \u00fc\u00e7\u00fcnc\u00fc ki\u015filer taraf\u0131ndan yap\u0131lan fikri m\u00fclkiyet ihlalleri, Biletinial\u2019\u0131n sorumlulu\u011funda de\u011fildir.<\/p>\n<p>Ayr\u0131ca, bu sitede di\u011fer sitelerin linkleri bulunabilir. Biletinial, bu web sitelerinin gizlilik uygulamalar\u0131, i\u00e7erikleri ya da \u00fc\u00e7\u00fcnc\u00fc taraflar\u0131n gizlilik politikalar\u0131 ve uygulamalar\u0131ndan sorumlu de\u011fildir.<\/p>\n<p><strong>Hizmet Bedeli<\/strong><\/p>\n<p>Biletinial\u2019\u0131n bilet sat\u0131\u015flar\u0131yla ilgili belirlenen hizmet bedelleri; bilet sat\u0131\u015f\u0131 ger\u00e7ekle\u015ftirilen ki\u015fi, kurum ya da kurulu\u015f ile Biletinial aras\u0131nda mutab\u0131k olarak imzalanm\u0131\u015f olan s\u00f6zle\u015fmelere istinaden belirlenmektedir. Bu durumda Biletinial taraf\u0131ndan i\u015flem g\u00f6ren her bilet i\u00e7in, bilet de\u011feri i\u00e7inden veya bilet bedeli \u00fczerinden kesilmek suretiyle hizmet bedeli al\u0131nmaktad\u0131r. Kullan\u0131c\u0131 Biletinial\u2019dan bilet sat\u0131n almakla, e\u011fer varsa bilet bedeli \u00fczerinden al\u0131nan bu bedelleri \u00f6demeyi kabul etmi\u015f say\u0131l\u0131r.<\/p>\n<p><strong>\u00d6demelerde Uygulanacak Ek G\u00fcvenlik \u00d6nlemleri<\/strong><\/p>\n<p>Biletinial, \u00f6demelerin azami derecede g\u00fcvenli\u011fini sa\u011flamak ve k\u00f6t\u00fc niyetli giri\u015fimlerin \u00f6n\u00fcne ge\u00e7mek amac\u0131yla, \u00f6demelerde uygulanacak baz\u0131 ek g\u00fcvenlik \u00f6nlemleri belirlemi\u015ftir. Kullan\u0131m ko\u015fullar\u0131 ve gizlilik politikalar\u0131n\u0131 kabul ederek bu tedbirlere uymay\u0131 da kabul etmi\u015f say\u0131l\u0131rs\u0131n\u0131z.<\/p>\n<p>Buna g\u00f6re;<\/p>\n<p>Biletinial \u00fczerinden yap\u0131lan t\u00fcm online bilet al\u0131\u015fveri\u015flerde 3D Secure sistemini kullanmak ve \u00f6demeleri bu kanalla ger\u00e7ekle\u015ftirmek mecburidir.<\/p>\n<p><strong>\u0130lgili Kurumlar, \u0130ptaller, Ertelemeler ve \u0130adeler<\/strong><\/p>\n<p>Biletinial, anla\u015ft\u0131\u011f\u0131 ki\u015fi, kurum ya da kurulu\u015flar ad\u0131na, bunlarla yap\u0131lan s\u00f6zle\u015fmelere istinaden bilet satmaktad\u0131r. Biletinial, sa\u011flad\u0131\u011f\u0131 hizmet konusunda \u00fcretim firmas\u0131 garantisi, ortalama kalite garantisi dahil fakat bununla s\u0131n\u0131rl\u0131 olmayan belirli bir garanti vermez. Site ve i\u00e7eri\u011fi &#8220;oldu\u011fu gibi&#8221; sunulmaktad\u0131r.<\/p>\n<p>Anla\u015fma yap\u0131lan ki\u015fi, kurum ya da kurulu\u015fun bilet sat\u0131\u015f politikalar\u0131 ve yap\u0131lan s\u00f6zle\u015fmeler do\u011frultusunda, Biletinial\u2019\u0131n \u00a0sat\u0131lan bir biletin bedelini ve e\u011fer al\u0131nd\u0131ysa hizmet bedelini iade etmesi s\u00f6z konusu de\u011fildir.<\/p>\n<p>Anla\u015fma yap\u0131lm\u0131\u015f ve Biletinial \u00fczerinden bileti sat\u0131lm\u0131\u015f olan ki\u015fi, kurum ya da kurulu\u015f, muhtelif sebeplerle hizmeti Kullan\u0131c\u0131ya vermeyebilir veya erteleyebilir. Hizmetin herhangi bir \u015fekilde iptal edilmesinden Biletinial sorumlu de\u011fildir. Bu gibi durumlarda detayl\u0131 bilgi alabilmek i\u00e7in Biletinial ile temasa ge\u00e7meniz gerekmektedir.<\/p>\n<p>G\u00fcn\u00fcnde ve saatinde kullan\u0131lmayan biletler ge\u00e7ersiz olup, Biletinial\u2019\u0131n bilet bedeli ve hizmet bedeli iadesi ve\/veya de\u011fi\u015fikli\u011fi yapmas\u0131 m\u00fcmk\u00fcn de\u011fildir. G\u00fcn ve saatinde kullan\u0131lmayan biletlerin iadesi i\u00e7in Biletinial\u2019dan talepte bulunulamaz. Ancak ilgili ki\u015fi, kurum ya da kurulu\u015fun etkinlik iptal ya da erteleme ard\u0131ndan verece\u011fi bilgiler ve geli\u015fmeler, Biletinial arac\u0131l\u0131\u011f\u0131yla Kullan\u0131c\u0131ya duyurulacakt\u0131r.<\/p>\n<p><strong>Etkinlik saatine ge\u00e7 kal\u0131nmas\u0131 durumunda Biletinial kullan\u0131c\u0131n\u0131n etkinlik mekan\u0131na al\u0131nmas\u0131 konusunda hi\u00e7bir \u015fekilde sorumlu de\u011fildir.<\/strong><\/p>\n<p>Devlet Tiyatrolar\u0131, Devlet Opera ve Balesi ve K\u00fclt\u00fcr ve Turizm Bakanl\u0131\u011f\u0131 Konserleri i\u00e7in ge\u00e7erli olan \u00f6zel uygulamalar hari\u00e7, m\u00fccbir sebepler d\u0131\u015f\u0131nda kesinlikle Biletinial \u00fczerinden iade i\u015flemi ger\u00e7ekle\u015ftirilmez. M\u00fccbir sebepler; etkinli\u011fin iptali ve\/veya de\u011fi\u015ftirilmesi, resmi makamlarca da teyid edilen hava muhalefeti, afet hali, grev, lokavt, sava\u015f, ter\u00f6rist hareketler, etkinlik mekan\u0131nda ya\u015fanan teknik aksakl\u0131klar ve etkinlik i\u00e7in belirlenmi\u015f olan resmi \u201cizleyici ya\u015f grubu\u201dnun sonradan de\u011fi\u015ftirilmesi olarak tan\u0131mlanmaktad\u0131r.<\/p>\n<p>Buna g\u00f6re, biletinizi m\u00fccbir sebep ya da etkinli\u011fin iptali haricinde herhangi bir sebeple kullan\u0131lamayacak iseniz, en ge\u00e7 etkinlik saatinden 2 saat \u00f6nceye kadar, Biletinial ile irtibata ge\u00e7ebilirsiniz.<\/p>\n<p>Devlet Tiyatrolar\u0131, Devlet Opera ve Balesi ve K\u00fclt\u00fcr ve Turizm Bakanl\u0131\u011f\u0131 Konserleri i\u00e7in ise herhangi bir gerek\u00e7e g\u00f6sterilmeksizin etkinlik saatinden 48 saat \u00f6ncesine kadar iade edilebilir. (\u00dcYEL\u0130K giri\u015fi yap\u0131larak sat\u0131n al\u0131nan biletlerin iadesi, etkinlik saatine 48 saat kala B\u0130LETLER\u0130M b\u00f6l\u00fcm\u00fc i\u00e7inde yer alan \u0130PTAL ET k\u0131sm\u0131ndan yap\u0131labilir. \u00dcYEL\u0130K giri\u015fi yap\u0131lmadan sat\u0131n al\u0131nan biletlerin iade taleplerinin etkinlik saatine 48 saat kala info@biletinial.com adresine mail yoluyla iletilmesi gerekmektedir. \u0130ptal\/\u0130ade i\u015flemleri internetten al\u0131nan ve gi\u015feden yazd\u0131r\u0131lmam\u0131\u015f biletler i\u00e7in ge\u00e7erlidir.)<\/p>\n<p>Biletinial ile birlikte Biletinial\u2019\u0131n ortaklar\u0131, \u00e7al\u0131\u015fanlar\u0131 ya da i\u00e7erik sa\u011flay\u0131c\u0131lar\u0131, sebebi ve s\u00fcresinden ba\u011f\u0131ms\u0131z olarak Biletinial\u2019da ortaya \u00e7\u0131kabilecek olas\u0131 hata ve kas\u0131ts\u0131z ihmallerden, kusurlardan veya bilgi eksikli\u011finden, kullan\u0131c\u0131n\u0131n maruz kald\u0131\u011f\u0131 kesintiden veya gecikmeden dolay\u0131 meydana gelebilecek zarardan sorumlu tutulamaz. T\u00fcm bu kurulu\u015flar ya da ki\u015filer, \u00fc\u00e7\u00fcnc\u00fc \u015fah\u0131slar\u0131n hasar ve zarar iddialar\u0131ndan, cezaland\u0131r\u0131c\u0131 tazminat veya dolayl\u0131 zararlardan dolay\u0131 sorumluluk kabul etmez.<\/p>\n<p><strong>Ya\u015f s\u0131n\u0131rlar\u0131 ve \u0130ndirimli Biletler<\/strong><\/p>\n<p>Kullan\u0131c\u0131 Biletinial \u00fczerinden sat\u0131n alm\u0131\u015f oldu\u011fu biletler i\u00e7in etkinlik i\u00e7in ge\u00e7erli olan ya\u015f s\u0131n\u0131r\u0131 kurallar\u0131na uydu\u011funu kabul eder. Ya\u015f s\u0131n\u0131rlar\u0131 i\u00e7in sat\u0131n al\u0131nan biletin etkinlik mekan\u0131nda kimlik ibraz\u0131 zorunlu olacakt\u0131r.<\/p>\n<p>Etkinli\u011fe ait indirimli bilet tan\u0131m\u0131 olmas\u0131 ve indirimli bilet se\u00e7ene\u011fi ile bilet sat\u0131n al\u0131nmas\u0131 durumunda Kullan\u0131c\u0131 bu indirimli bilete tabi oldu\u011fu kabul ve tahaah\u00fct eder. \u0130ndirimli biletler i\u00e7in sat\u0131n al\u0131nan biletin etkinlik mekan\u0131nda kimlik ibraz\u0131 zorunlu olacakt\u0131r.<\/p>\n<p><strong>Kullan\u0131c\u0131 \u0130li\u015fkileri<\/strong><\/p>\n<p>Biletinial, herhangi bir etkinli\u011fin ba\u015far\u0131s\u0131zl\u0131\u011f\u0131, hatas\u0131, iptali veya gecikmesi, ileti\u015fim kesintisi, bilgisayar vir\u00fcs\u00fc sonucu olu\u015fan herhangi bir zarar veya ziyandan dolay\u0131 sorumluluk kabul etmez. Kullan\u0131c\u0131, Biletinial\u2019\u0131n di\u011fer kullan\u0131c\u0131lar\u0131n\u0131n usuls\u00fcz ve sald\u0131rgan davran\u0131\u015flar\u0131, hakaretleri konusunda sorumlu tutulamayaca\u011f\u0131n\u0131 kabul eder. Biletinial, genel ahlak ve toplum kurallar\u0131na uygun davranmayan kullan\u0131c\u0131lar\u0131n \u00fcyeliklerini iptal etme hakk\u0131n\u0131 sakl\u0131 tutmakla birlikte, bu t\u00fcr ili\u015fkilerinden meydana gelebilecek zarardan Kullan\u0131c\u0131n\u0131n kendisi sorumludur.<\/p>\n<p><strong>\u0130leti\u015fim<\/strong><\/p>\n<p>Kullan\u0131c\u0131, Biletinial ile ileti\u015fime ge\u00e7mek istedi\u011finde a\u015fa\u011f\u0131da belirtilen yollar\u0131 kullanabilecektir.<\/p>\n<p>E-Posta:\u00a0info@biletinial.com<\/p>\n<p>Adres: \u00dc\u00c7EVLER MAH. \u00dcNSEVEN SOK. NO:4 N\u0130L\u00dcFER BURSA<\/p>\n<p>Tel: 0850 3339911<\/p>\n<p><strong>Fikri M\u00fclkiyet Haklar\u0131<\/strong><\/p>\n<p>Biletinial, baz\u0131lar\u0131 kendine, baz\u0131lar\u0131 ise 3.\u015fah\u0131slara ait telif hakk\u0131na konu olan metin, foto\u011fraf, grafik, ses m\u00fczik dahil bilgi ve materyalleri bar\u0131nd\u0131rmaktad\u0131r. Kullan\u0131c\u0131 sadece ki\u015fisel kullan\u0131m i\u00e7in kopya hakk\u0131na sahip oldu\u011funu kabul eder ve Biletinial\u2019\u0131n yaz\u0131l\u0131 izni olmadan i\u00e7erik ve materyallerde de\u011fi\u015fiklik yapamaz, kopyalayamaz, \u00e7o\u011faltamaz, yay\u0131nlayamaz, satamaz ve yasal olmayan \u015fekilde kullan\u0131lmas\u0131na yard\u0131m edemez. Ayn\u0131 zamanda Kullan\u0131c\u0131 Biletinial\u2019\u0131n \u00e7al\u0131\u015fmas\u0131na m\u00fcdahale etmek veya m\u00fcdahaleye te\u015febb\u00fcs etmek amac\u0131yla herhangi bir alet, yaz\u0131l\u0131m veya y\u00f6ntem kullanmayaca\u011f\u0131n\u0131 da kabul etmektedir. Biletinial, her t\u00fcrl\u00fc izinsiz m\u00fcdahale ve\/veya uygulama kar\u015f\u0131s\u0131nda yasal yapt\u0131r\u0131mlar\u0131 kullanma hakk\u0131n\u0131 sakl\u0131 tutar.<\/p>\n<p><strong>Uyu\u015fmazl\u0131klar\u0131n \u00c7\u00f6z\u00fcm\u00fc<\/strong><\/p>\n<p>Kullan\u0131c\u0131 siteyi kullanmakla site ile ilgili herhangi bir uyu\u015fmazl\u0131k \u00e7\u0131kmas\u0131 halinde bu uyu\u015fmazl\u0131\u011f\u0131n T\u00fcrkiye Cumhuriyeti Kanunlar\u0131na tabi olaca\u011f\u0131n\u0131 ve bu kanunlara g\u00f6re \u00e7\u00f6z\u00fcmlenece\u011fini kabul eder.<\/p>\n<p>Biletinial, Kullan\u0131c\u0131lar\u0131n\u0131n g\u00fcvenli\u011fini en y\u00fcksek seviyede tutabilmek i\u00e7in en yeni ve en iyi \u00f6nlemleri s\u00fcrekli ara\u015ft\u0131rmakta ve etkin \u00e7\u00f6z\u00fcmlerini uygulamaya \u00e7al\u0131\u015fmaktad\u0131r.<\/p>\n<p>Amac\u0131m\u0131z sizlere kaliteli hizmeti en iyi ve en g\u00fcvenli \u015fekliyle sunabilmektir.<\/p>\n","protected":false},"excerpt":{"rendered":"<p>563 say\u0131l\u0131 Elektronik Ticaretin D\u00fczenlenmesi Hakk\u0131nda Kanun\u2019un (\u201cKanun\u201d) 3 \u00fcnc\u00fc maddesi gere\u011fince, Biletinial Bilet Bas\u0131m ve Da\u011f\u0131t\u0131m A.\u015e. (Biletinial) ile ilgili tan\u0131t\u0131m bilgilerine, sitemizin \u201cHakk\u0131m\u0131zda\u201d ba\u015fl\u0131kl\u0131 b\u00f6l\u00fcm\u00fcnden ula\u015fabilirsiniz. Biletinial\u2019\u0131 ziyaret etmek veya bilet sat\u0131n almakla, bu sitenin kullan\u0131lmas\u0131na ili\u015fkin t\u00fcm ko\u015fullar\u0131, gizlilik politikas\u0131n\u0131 ve site ile ilgili t\u00fcm cari kanunlar\u0131, y\u00f6netmelikleri ve mevzuat\u0131 a\u00e7\u0131k\u00e7a kabul&#8230;<\/p>\n","protected":false},"author":1,"featured_media":0,"parent":0,"menu_order":0,"comment_status":"closed","ping_status":"closed","template":"","meta":{"footnotes":""},"class_list":["post-589","page","type-page","status-publish","hentry"],"_links":{"self":[{"href":"https:\/\/www.ekoteks.com\/sempozyum\/wp-json\/wp\/v2\/pages\/589","targetHints":{"allow":["GET"]}}],"collection":[{"href":"https:\/\/www.ekoteks.com\/sempozyum\/wp-json\/wp\/v2\/pages"}],"about":[{"href":"https:\/\/www.ekoteks.com\/sempozyum\/wp-json\/wp\/v2\/types\/page"}],"author":[{"embeddable":true,"href":"https:\/\/www.ekoteks.com\/sempozyum\/wp-json\/wp\/v2\/users\/1"}],"replies":[{"embeddable":true,"href":"https:\/\/www.ekoteks.com\/sempozyum\/wp-json\/wp\/v2\/comments?post=589"}],"version-history":[{"count":1,"href":"https:\/\/www.ekoteks.com\/sempozyum\/wp-json\/wp\/v2\/pages\/589\/revisions"}],"predecessor-version":[{"id":590,"href":"https:\/\/www.ekoteks.com\/sempozyum\/wp-json\/wp\/v2\/pages\/589\/revisions\/590"}],"wp:attachment":[{"href":"https:\/\/www.ekoteks.com\/sempozyum\/wp-json\/wp\/v2\/media?parent=589"}],"curies":[{"name":"wp","href":"https:\/\/api.w.org\/{rel}","templated":true}]}}